{"id":78,"date":"2023-09-02T10:00:00","date_gmt":"2023-09-02T08:00:00","guid":{"rendered":"https:\/\/perignymusique.fr\/?page_id=78"},"modified":"2026-03-09T19:03:02","modified_gmt":"2026-03-09T18:03:02","slug":"inscription","status":"publish","type":"page","link":"https:\/\/perignymusique.fr\/index.php\/inscription\/","title":{"rendered":"Inscription"},"content":{"rendered":"\n<p>Les r\u00e9-inscriptions adh\u00e9rent.es pour la saison 2025-2026 sont ouvertes ! Ca se passe sur <a href=\"https:\/\/admin.opentalent.fr\/#\/login\/\">votre espace adh\u00e9rent de suivi p\u00e9dagogique Open Talent<\/a>.<\/p>\n\n\n\n<p>\ud83c\udd95<strong>Pour toutes nouvelles inscriptions, merci de contacter le secr\u00e9tariat&nbsp;!<\/strong> B\u00e9atrice vous expliquera tout avec son enthousiasme habituel \ud83d\ude42 <\/p>\n\n\n\n<h2 class=\"wp-block-heading\">Tarifs 2025-2026 <\/h2>\n\n\n\n<div data-wp-interactive=\"core\/file\" class=\"wp-block-file\"><object data-wp-bind--hidden=\"!state.hasPdfPreview\" hidden class=\"wp-block-file__embed\" data=\"https:\/\/perignymusique.fr\/wp-content\/uploads\/2026\/03\/Tarifs-2025-2026.pdf\" type=\"application\/pdf\" style=\"width:100%;height:600px\" aria-label=\"Embed of Tarifs 2025-2026.\"><\/object><a id=\"wp-block-file--media-52aca48d-f881-4d45-8bc6-36f9462a667c\" href=\"https:\/\/perignymusique.fr\/wp-content\/uploads\/2026\/03\/Tarifs-2025-2026.pdf\">Tarifs 2025-2026<\/a><a href=\"https:\/\/perignymusique.fr\/wp-content\/uploads\/2026\/03\/Tarifs-2025-2026.pdf\" class=\"wp-block-file__button wp-element-button\" download aria-describedby=\"wp-block-file--media-52aca48d-f881-4d45-8bc6-36f9462a667c\">T\u00e9l\u00e9charger<\/a><\/div>\n\n\n\n<h2 class=\"wp-block-heading\">Pratiques instrumentales dispens\u00e9es :<\/h2>\n\n\n\n<p><strong>Cordes<\/strong>&nbsp;(pinc\u00e9es ou frott\u00e9es) : Violon, Alto,&nbsp;Violoncelle, Harpe, Guitare Classique (L), Guitare \u00c9lectrique, Guitare Basse(L), Ukul\u00e9l\u00e9<\/p>\n\n\n\n<p><strong>Instruments polyphoniques<\/strong>&nbsp;: Piano, Batterie, Accord\u00e9on (L), Synth\u00e9tiseur<\/p>\n\n\n\n<p><strong>Vents<\/strong>&nbsp;: Fl\u00fbte Traversi\u00e8re (L),&nbsp; Saxophone (L)<\/p>\n\n\n\n<p>\ud83c\udd95\ud83c\udfbb <strong>Nouvelle classe de violoncelle<\/strong> !<\/p>\n\n\n\n<p>(L)<em>&nbsp;&nbsp; Je peux louer \u00e0 l&#8217;\u00e9cole un instrument les premi\u00e8res ann\u00e9es d\u2019apprentissage (sous r\u00e9serve de disponibilit\u00e9).<\/em><\/p>\n\n\n\n<h2 class=\"wp-block-heading\">Ateliers et ensembles :<\/h2>\n\n\n\n<ul class=\"wp-block-list\">\n<li>Ensembles guitares, ensembles ukul\u00e9l\u00e9s, musique irlandaise, ensembles percussions, ensembles rock, groupe Sirocco (ensemble saxophones et plus)<\/li>\n\n\n\n<li>Ateliers jazz, atelier Rythm&#8217;n&#8217;blues<\/li>\n\n\n\n<li><strong>\ud83c\udd95 Atelier Jazz Junior !<\/strong><\/li>\n\n\n\n<li>Chorales (enfants, adolescents, adultes)<\/li>\n\n\n\n<li>Solf\u00e8ge, &nbsp;solf\u00e8ge rythmique, techniques d&#8217;improvisation, solf\u00e8ge Musiques Actuelles<\/li>\n\n\n\n<li>Initiation \u00e0 la musique parcours d\u00e9couverte (\u00e0 partir de&nbsp;6 ans)<\/li>\n\n\n\n<li><strong>\ud83c\udd95 Ouverture d\u2019une classe pour les 4-5 ans&nbsp;&#8220;Jardin des Mini Maestro&nbsp;&#8221; le samedi de 11h \u00e0 11h45<\/strong><\/li>\n<\/ul>\n\n\n\n<h2 class=\"wp-block-heading\">Parcours et pratiques p\u00e9dagogiques :<\/h2>\n\n\n\n<details class=\"wp-block-details is-layout-flow wp-block-details-is-layout-flow\"><summary>Je d\u00e9bute \ud83c\udd99<\/summary>\n<p>\/ Selon mon niveau \ud83c\udf9a\ufe0f<\/p>\n\n\n\n<p><strong>JE SUIS EN CP<\/strong>&nbsp;:<\/p>\n\n\n\n<p>Je peux m&#8217;inscrire \u00e0 l&#8217;Atelier&nbsp;<strong>Parcours d\u00e9couverte<\/strong> d&#8217;une heure r\u00e9serv\u00e9 aux enfants de 6\/7 ans en CP. le mercredi de 14h \u00e0 15h. Il est&nbsp;&nbsp;destin\u00e9 aux enfants d\u00e9sirant d\u00e9couvrir la musique. Nous les accueillons durant une heure de s\u00e9ance hebdomadaire et leur proposons&nbsp;: jeux vocaux, percussions, expression corporelle et d\u00e9couverte des instruments.<\/p>\n\n\n\n<p><strong>JE SUIS EN CE1<\/strong>&nbsp;:<br><br>Je peux commencer \u00e0 apprendre \u00e0 jouer d\u2019un instrument et commencer en m\u00eame temps la formation musicale. Je ne passe pas d\u2019examen. Je fais partie de la Chorale enfants ou d&#8217;un Ensemble Percussion.<br>&nbsp;<\/p>\n\n\n\n<p><strong>JE SUIS EN CE2, CM1, CM2, AU COLL\u00c8GE, AU LYC\u00c9E<\/strong>&nbsp;:<br><br>Je peux commencer \u00e0 apprendre \u00e0 jouer d\u2019un instrument&nbsp; en cours particulier de 30 mn, d\u00e9buter en m\u00eame temps la formation musicale et participer \u00e0 une pratique collective. Je suis d&#8217;abord en 1er cycle. Je passe les examens de formation musicale et instrumentale. Je rentre alors en 2\u00e8me cycle et&nbsp; b\u00e9n\u00e9ficie de 45 minutes de cours d&#8217;instrument. Chaque ann\u00e9e, je fais partie d&#8217;un ensemble.<\/p>\n\n\n\n<p><strong>JE SUIS ADULTE :<\/strong><\/p>\n\n\n\n<p>Je d\u00e9bute. Je peux commencer \u00e0 apprendre un instrument ou prendre un cours de chant et commencer la formation musicale dans un parcours musical.<\/p>\n\n\n\n<p>J\u2019ai d\u00e9j\u00e0 pratiqu\u00e9 un instrument. J&#8217;ai acc\u00e8s au parcours musical et \u00e0 la formation musicale.<\/p>\n\n\n\n<p>Dans les deux cas, je fais partie d&#8217;un ensemble.<\/p>\n\n\n\n<p><\/p>\n<\/details>\n\n\n\n<details class=\"wp-block-details is-layout-flow wp-block-details-is-layout-flow\"><summary>J&#8217;apprends la musique \ud83c\udfbc <\/summary>\n<p>\/ Je peux choisir :<\/p>\n\n\n\n<ul class=\"wp-block-list\">\n<li>un parcours musical complet&nbsp; :&nbsp;<strong>Pratique collective<\/strong>&nbsp;+&nbsp;<strong>Formation musicale<\/strong>&nbsp;+&nbsp;<strong>Instrument<\/strong>&nbsp;<strong>ou&nbsp;chant<\/strong>&nbsp;en cours individuel<\/li>\n<\/ul>\n\n\n\n<ul class=\"wp-block-list\">\n<li>une ou plusieurs pratiques collectives (instrumentale ou chorale)<\/li>\n<\/ul>\n\n\n\n<ul class=\"wp-block-list\">\n<li>&#8220;Parcours d\u00e9couverte&#8221; pour les enfants de 6 ans en CP<\/li>\n<\/ul>\n\n\n\n<p><strong>FORMATION INSTRUMENTALE<\/strong><br><br>Les cours d\u2019instruments sont&nbsp;<strong>individuels<\/strong>&nbsp;et durent entre 30 et 45 mn selon les niveaux.<\/p>\n\n\n\n<p>Le choix des horaires des cours individuels a lieu lors de journ\u00e9es de rencontres parents, \u00e9l\u00e8ves, professeurs d\u00e9but septembre. Les horaires&nbsp; sont fix\u00e9s avec le professeur d\u00e9but septembre avant la rentr\u00e9e.<\/p>\n\n\n\n<p><em>1 s\u00e9ance hebdomadaire<\/em><\/p>\n\n\n\n<p><strong>FORMATION AU CHANT<\/strong>&nbsp;<\/p>\n\n\n\n<p>Les cours de chant sont individuels et durent 30 mn. Le choix de l&#8217;horaire se fait en concertation avec le professeur.<\/p>\n\n\n\n<p><em>1 s\u00e9ance hebdomadaire<\/em><\/p>\n\n\n\n<p><strong>FORMATION MUSICALE<\/strong><br><br>J\u2019apprends \u00e0 lire, \u00e0 \u00e9crire, \u00e0 chanter et \u00e0 comprendre la musique. La dur\u00e9e des cours varie entre 45 mn et 1 heure selon les niveaux (solf\u00e8ge).<br>Nous proposons un cursus de formation musicale (cycle I et les 2 premi\u00e8res ann\u00e9es de cycle II) ou un cours de solf\u00e8ge musiques actuelles ou un cours de solf\u00e8ge rythmique et aussi un cours r\u00e9serv\u00e9 aux adultes.<\/p>\n\n\n\n<p>Le choix de la formation est fait par les professeurs.<br><br><em>1 s\u00e9ance hebdomadaire<\/em><\/p>\n\n\n\n<p><\/p>\n<\/details>\n\n\n\n<details class=\"wp-block-details is-layout-flow wp-block-details-is-layout-flow\"><summary>Je joue ou je chante en groupe \ud83c\udfb6<\/summary>\n<p>\/ De nombreuses activit\u00e9s &#8220;en groupe&#8221;&nbsp; dites pratiques collectives sont propos\u00e9es pour que je puisse jouer et \u00e9couter d\u2019autres \u00e9l\u00e8ves.<\/p>\n\n\n\n<p><em>1 s\u00e9ance hebdomadaire<\/em><br><br><em><strong>JE COMMENCE<\/strong><\/em><\/p>\n\n\n\n<p>Je peux participer aux&nbsp;<em><strong>ensembles instrumentaux par&nbsp;classe<\/strong><\/em> lors des audition et des impromptus.<br>Je peux rejoindre le&nbsp;<strong>Ch\u0153ur d&#8217;enfants<\/strong>&nbsp;(\u00e0 partir du CE1) ou l<strong><em>&#8216;Atelier vocal adolescents<\/em><\/strong>&nbsp;.<br>Je peux participer \u00e0 l&#8217;<em><strong>A<em>telier per<\/em>cussions.<\/strong><\/em><br><em>&nbsp;<\/em><br><em><strong>JE PRATIQUE DEPUIS 2 OU 3 ANS<\/strong><\/em><\/p>\n\n\n\n<p>Je peux participer aux ensembles d&#8217;instruments, <em><strong>Ateliers Percussions, Atelier Rythm\u2019n Blues<\/strong><\/em>, <em><strong>Atelier Reggae\/ Ska<\/strong><\/em>.<\/p>\n\n\n\n<p><em><strong>&nbsp;&nbsp;&nbsp;&nbsp; Ensemble d&#8217;accord\u00e9ons<\/strong><\/em><\/p>\n\n\n\n<p>&nbsp; &nbsp;&nbsp;&nbsp;<em><strong>Ensemble de ukul\u00e9l\u00e9s<\/strong><\/em><\/p>\n\n\n\n<p><em><strong>&nbsp;&nbsp;&nbsp;&nbsp; Ensemble de musique Irlandaise<\/strong><\/em><\/p>\n\n\n\n<p><em><strong>&nbsp;&nbsp;&nbsp;&nbsp; Ensemble&nbsp; de saxophones<\/strong><\/em><\/p>\n\n\n\n<p><em><strong>&nbsp;&nbsp;&nbsp;&nbsp; Ensemble de trompettes<\/strong><\/em><\/p>\n\n\n\n<p><em><strong>&nbsp;&nbsp;&nbsp;&nbsp; Ensemble de harpes<\/strong><\/em><\/p>\n\n\n\n<p><br><em><strong>J\u2019AI PLUS D&#8217;EXP\u00c9RIENCE<\/strong><\/em><\/p>\n\n\n\n<p>Je peux participer aux A<em><strong>teliers Jazz<\/strong><\/em>, <em><strong>Ateliers Rock<\/strong><\/em><\/p>\n\n\n\n<p>&nbsp;<br><em><strong>JE VEUX CHANTER<\/strong><\/em><\/p>\n\n\n\n<p>Je peux participer \u00e0 :<br><br><em>&nbsp; &nbsp; &nbsp;<strong>Deux chorales adultes &#8220;CHOR\u00c9LIA&#8221;&nbsp;<\/strong>et&nbsp;<strong>&#8220;NOTES EN CHOEUR&#8221;<\/strong><\/em><\/p>\n\n\n\n<p>&nbsp;&nbsp;&nbsp;&nbsp;&nbsp;<em><strong>Ch\u0153ur d&#8217;enfants&nbsp; &#8220;Ch\u0153ur Kid&#8217;s&#8221;<\/strong><\/em><\/p>\n\n\n\n<p><em><strong>&nbsp;&nbsp;&nbsp;&nbsp; Atelier vocal adolescents<\/strong>&nbsp;&nbsp;<strong>&#8220;Vocal Ado&#8221;<\/strong><\/em><\/p>\n\n\n\n<p><\/p>\n<\/details>\n\n\n\n<p><\/p>\n","protected":false},"excerpt":{"rendered":"<p>Les r\u00e9-inscriptions adh\u00e9rent.es pour la saison 2025-2026 sont ouvertes ! Ca se passe sur votre espace adh\u00e9rent de suivi p\u00e9dagogique Open Talent. \ud83c\udd95Pour toutes nouvelles inscriptions, merci de contacter le secr\u00e9tariat&nbsp;! B\u00e9atrice vous expliquera tout avec son enthousiasme habituel \ud83d\ude42 Tarifs 2025-2026 Pratiques instrumentales dispens\u00e9es : Cordes&nbsp;(pinc\u00e9es ou frott\u00e9es) : Violon, Alto,&nbsp;Violoncelle, Harpe, Guitare Classique [&hellip;]<\/p>\n","protected":false},"author":1,"featured_media":0,"parent":0,"menu_order":0,"comment_status":"closed","ping_status":"closed","template":"","meta":{"site-container-style":"default","site-container-layout":"default","site-sidebar-layout":"default","disable-article-header":"default","disable-site-header":"default","disable-site-footer":"default","disable-content-area-spacing":"default","footnotes":""},"class_list":["post-78","page","type-page","status-publish","hentry"],"_links":{"self":[{"href":"https:\/\/perignymusique.fr\/index.php\/wp-json\/wp\/v2\/pages\/78","targetHints":{"allow":["GET"]}}],"collection":[{"href":"https:\/\/perignymusique.fr\/index.php\/wp-json\/wp\/v2\/pages"}],"about":[{"href":"https:\/\/perignymusique.fr\/index.php\/wp-json\/wp\/v2\/types\/page"}],"author":[{"embeddable":true,"href":"https:\/\/perignymusique.fr\/index.php\/wp-json\/wp\/v2\/users\/1"}],"replies":[{"embeddable":true,"href":"https:\/\/perignymusique.fr\/index.php\/wp-json\/wp\/v2\/comments?post=78"}],"version-history":[{"count":14,"href":"https:\/\/perignymusique.fr\/index.php\/wp-json\/wp\/v2\/pages\/78\/revisions"}],"predecessor-version":[{"id":459,"href":"https:\/\/perignymusique.fr\/index.php\/wp-json\/wp\/v2\/pages\/78\/revisions\/459"}],"wp:attachment":[{"href":"https:\/\/perignymusique.fr\/index.php\/wp-json\/wp\/v2\/media?parent=78"}],"curies":[{"name":"wp","href":"https:\/\/api.w.org\/{rel}","templated":true}]}}